{"id":1283,"date":"2020-08-26T06:12:00","date_gmt":"2020-08-26T06:12:00","guid":{"rendered":"http:\/\/themes.uxbarn.com\/wp\/fineliner-dummy\/?page_id=114"},"modified":"2023-11-16T15:33:25","modified_gmt":"2023-11-16T15:33:25","slug":"portfolio","status":"publish","type":"page","link":"https:\/\/zeynepnal.com\/zeynepnal\/","title":{"rendered":"ART WORKS"},"content":{"rendered":"<p>[vc_row][vc_column]<div class=\"uxb-port-root-element-wrapper col3 \">\r\n\t\t\t\t\t<span class=\"uxb-port-loading-text\"><span>Loading<\/span><\/span>\r\n\t\t\t\t\t\r\n\t\t\t\t\t<div class=\"uxb-port-loaded-element-wrapper\"><div class=\"uxb-port-element-wrapper\"><div class=\"uxb-port-element-item term_37  portfolioid-1640\">\r\n\t\t\t\t\t\t\t<div class=\"uxb-port-element-item-hover-wrapper\">\r\n\t\t\t\t\t\t\t\t<div class=\"uxb-port-element-item-hover\">\r\n\t\t\t\t\t\t\t\t\t<a href=\"https:\/\/zeynepnal.com\/zeynepnal\/portfolio\/trt2-digital-art-documentary-zeynep-nal\/\"><\/a>\r\n\t\t\t\t\t\t\t\t\t<div class=\"uxb-port-element-item-hover-info\"><hr\/><h3>TRT2 Digital Art Documentary &#8211; Zeynep Nal<\/h3><hr\/><\/div>\r\n\t\t\t\t\t\t\t\t<\/div>\r\n\t\t\t\t\t\t\t<\/div>\r\n\t\t\t\t\t\t\t<img loading=\"lazy\" decoding=\"async\" width=\"305\" height=\"172\" src=\"https:\/\/zeynepnal.com\/zeynepnal\/wp-content\/uploads\/2024\/09\/site_foto-305x172.png\" class=\"border wp-post-image\" alt=\"\" srcset=\"https:\/\/zeynepnal.com\/zeynepnal\/wp-content\/uploads\/2024\/09\/site_foto-305x172.png 305w, https:\/\/zeynepnal.com\/zeynepnal\/wp-content\/uploads\/2024\/09\/site_foto-300x169.png 300w, https:\/\/zeynepnal.com\/zeynepnal\/wp-content\/uploads\/2024\/09\/site_foto-1024x576.png 1024w, https:\/\/zeynepnal.com\/zeynepnal\/wp-content\/uploads\/2024\/09\/site_foto-768x432.png 768w, https:\/\/zeynepnal.com\/zeynepnal\/wp-content\/uploads\/2024\/09\/site_foto-1536x864.png 1536w, https:\/\/zeynepnal.com\/zeynepnal\/wp-content\/uploads\/2024\/09\/site_foto-2048x1152.png 2048w, https:\/\/zeynepnal.com\/zeynepnal\/wp-content\/uploads\/2024\/09\/site_foto-500x281.png 500w, https:\/\/zeynepnal.com\/zeynepnal\/wp-content\/uploads\/2024\/09\/site_foto-1170x658.png 1170w, https:\/\/zeynepnal.com\/zeynepnal\/wp-content\/uploads\/2024\/09\/site_foto-745x419.png 745w, https:\/\/zeynepnal.com\/zeynepnal\/wp-content\/uploads\/2024\/09\/site_foto-1008x567.png 1008w, https:\/\/zeynepnal.com\/zeynepnal\/wp-content\/uploads\/2024\/09\/site_foto-570x321.png 570w, https:\/\/zeynepnal.com\/zeynepnal\/wp-content\/uploads\/2024\/09\/site_foto-395x222.png 395w\" sizes=\"auto, (max-width: 305px) 100vw, 305px\" \/>\r\n\t\t\t\t\t\t<\/div><div class=\"uxb-port-element-item term_39  portfolioid-1592\">\r\n\t\t\t\t\t\t\t<div class=\"uxb-port-element-item-hover-wrapper\">\r\n\t\t\t\t\t\t\t\t<div class=\"uxb-port-element-item-hover\">\r\n\t\t\t\t\t\t\t\t\t<a href=\"https:\/\/zeynepnal.com\/zeynepnal\/portfolio\/the-songs-ataturk-would-love-ataturkun-sevecegi-sarkilar\/\"><\/a>\r\n\t\t\t\t\t\t\t\t\t<div class=\"uxb-port-element-item-hover-info\"><hr\/><h3>2023 \/ THE SONGS ATATURK WOULD LOVE &#8211; ATAT\u00dcRK&#8217;\u00dcN SEVECE\u011e\u0130 \u015eARKILAR<\/h3><hr\/><\/div>\r\n\t\t\t\t\t\t\t\t<\/div>\r\n\t\t\t\t\t\t\t<\/div>\r\n\t\t\t\t\t\t\t<img loading=\"lazy\" decoding=\"async\" width=\"305\" height=\"172\" src=\"https:\/\/zeynepnal.com\/zeynepnal\/wp-content\/uploads\/2023\/11\/sisecam2-305x172.png\" class=\"border wp-post-image\" alt=\"\" srcset=\"https:\/\/zeynepnal.com\/zeynepnal\/wp-content\/uploads\/2023\/11\/sisecam2-305x172.png 305w, https:\/\/zeynepnal.com\/zeynepnal\/wp-content\/uploads\/2023\/11\/sisecam2-300x169.png 300w, https:\/\/zeynepnal.com\/zeynepnal\/wp-content\/uploads\/2023\/11\/sisecam2-1024x576.png 1024w, https:\/\/zeynepnal.com\/zeynepnal\/wp-content\/uploads\/2023\/11\/sisecam2-768x432.png 768w, https:\/\/zeynepnal.com\/zeynepnal\/wp-content\/uploads\/2023\/11\/sisecam2-1536x864.png 1536w, https:\/\/zeynepnal.com\/zeynepnal\/wp-content\/uploads\/2023\/11\/sisecam2-500x281.png 500w, https:\/\/zeynepnal.com\/zeynepnal\/wp-content\/uploads\/2023\/11\/sisecam2-1170x658.png 1170w, https:\/\/zeynepnal.com\/zeynepnal\/wp-content\/uploads\/2023\/11\/sisecam2-745x419.png 745w, https:\/\/zeynepnal.com\/zeynepnal\/wp-content\/uploads\/2023\/11\/sisecam2-1008x567.png 1008w, https:\/\/zeynepnal.com\/zeynepnal\/wp-content\/uploads\/2023\/11\/sisecam2-570x321.png 570w, https:\/\/zeynepnal.com\/zeynepnal\/wp-content\/uploads\/2023\/11\/sisecam2-395x222.png 395w, https:\/\/zeynepnal.com\/zeynepnal\/wp-content\/uploads\/2023\/11\/sisecam2.png 1920w\" sizes=\"auto, (max-width: 305px) 100vw, 305px\" \/>\r\n\t\t\t\t\t\t<\/div><div class=\"uxb-port-element-item term_37  portfolioid-1578\">\r\n\t\t\t\t\t\t\t<div class=\"uxb-port-element-item-hover-wrapper\">\r\n\t\t\t\t\t\t\t\t<div class=\"uxb-port-element-item-hover\">\r\n\t\t\t\t\t\t\t\t\t<a href=\"https:\/\/zeynepnal.com\/zeynepnal\/portfolio\/tiny-little-elephants-minifiller\/\"><\/a>\r\n\t\t\t\t\t\t\t\t\t<div class=\"uxb-port-element-item-hover-info\"><hr\/><h3>2023 \/ TINY ELEPHANTS &#8211; M\u0130N\u0130F\u0130LLER<\/h3><hr\/><\/div>\r\n\t\t\t\t\t\t\t\t<\/div>\r\n\t\t\t\t\t\t\t<\/div>\r\n\t\t\t\t\t\t\t<img loading=\"lazy\" decoding=\"async\" width=\"305\" height=\"172\" src=\"https:\/\/zeynepnal.com\/zeynepnal\/wp-content\/uploads\/2023\/11\/minifiller2-305x172.png\" class=\"border wp-post-image\" alt=\"Minifiller\" srcset=\"https:\/\/zeynepnal.com\/zeynepnal\/wp-content\/uploads\/2023\/11\/minifiller2-305x172.png 305w, https:\/\/zeynepnal.com\/zeynepnal\/wp-content\/uploads\/2023\/11\/minifiller2-300x169.png 300w, https:\/\/zeynepnal.com\/zeynepnal\/wp-content\/uploads\/2023\/11\/minifiller2-1024x576.png 1024w, https:\/\/zeynepnal.com\/zeynepnal\/wp-content\/uploads\/2023\/11\/minifiller2-768x432.png 768w, https:\/\/zeynepnal.com\/zeynepnal\/wp-content\/uploads\/2023\/11\/minifiller2-1536x864.png 1536w, https:\/\/zeynepnal.com\/zeynepnal\/wp-content\/uploads\/2023\/11\/minifiller2-500x281.png 500w, https:\/\/zeynepnal.com\/zeynepnal\/wp-content\/uploads\/2023\/11\/minifiller2-1170x658.png 1170w, https:\/\/zeynepnal.com\/zeynepnal\/wp-content\/uploads\/2023\/11\/minifiller2-745x419.png 745w, https:\/\/zeynepnal.com\/zeynepnal\/wp-content\/uploads\/2023\/11\/minifiller2-1008x567.png 1008w, https:\/\/zeynepnal.com\/zeynepnal\/wp-content\/uploads\/2023\/11\/minifiller2-570x321.png 570w, https:\/\/zeynepnal.com\/zeynepnal\/wp-content\/uploads\/2023\/11\/minifiller2-395x222.png 395w, https:\/\/zeynepnal.com\/zeynepnal\/wp-content\/uploads\/2023\/11\/minifiller2.png 1890w\" sizes=\"auto, (max-width: 305px) 100vw, 305px\" \/>\r\n\t\t\t\t\t\t<\/div><div class=\"uxb-port-element-item term_39 term_37  portfolioid-1587\">\r\n\t\t\t\t\t\t\t<div class=\"uxb-port-element-item-hover-wrapper\">\r\n\t\t\t\t\t\t\t\t<div class=\"uxb-port-element-item-hover\">\r\n\t\t\t\t\t\t\t\t\t<a href=\"https:\/\/zeynepnal.com\/zeynepnal\/portfolio\/avind-ai-art-curator\/\"><\/a>\r\n\t\t\t\t\t\t\t\t\t<div class=\"uxb-port-element-item-hover-info\"><hr\/><h3>2022 \/ AVIND &#8211; AI ART CURATOR<\/h3><hr\/><\/div>\r\n\t\t\t\t\t\t\t\t<\/div>\r\n\t\t\t\t\t\t\t<\/div>\r\n\t\t\t\t\t\t\t<img loading=\"lazy\" decoding=\"async\" width=\"305\" height=\"172\" src=\"https:\/\/zeynepnal.com\/zeynepnal\/wp-content\/uploads\/2022\/06\/avind3-1-305x172.jpg\" class=\"border wp-post-image\" alt=\"\" srcset=\"https:\/\/zeynepnal.com\/zeynepnal\/wp-content\/uploads\/2022\/06\/avind3-1-305x172.jpg 305w, https:\/\/zeynepnal.com\/zeynepnal\/wp-content\/uploads\/2022\/06\/avind3-1-300x169.jpg 300w, https:\/\/zeynepnal.com\/zeynepnal\/wp-content\/uploads\/2022\/06\/avind3-1-1024x576.jpg 1024w, https:\/\/zeynepnal.com\/zeynepnal\/wp-content\/uploads\/2022\/06\/avind3-1-768x432.jpg 768w, https:\/\/zeynepnal.com\/zeynepnal\/wp-content\/uploads\/2022\/06\/avind3-1-500x281.jpg 500w, https:\/\/zeynepnal.com\/zeynepnal\/wp-content\/uploads\/2022\/06\/avind3-1-1170x658.jpg 1170w, https:\/\/zeynepnal.com\/zeynepnal\/wp-content\/uploads\/2022\/06\/avind3-1-745x419.jpg 745w, https:\/\/zeynepnal.com\/zeynepnal\/wp-content\/uploads\/2022\/06\/avind3-1-1008x567.jpg 1008w, https:\/\/zeynepnal.com\/zeynepnal\/wp-content\/uploads\/2022\/06\/avind3-1-570x321.jpg 570w, https:\/\/zeynepnal.com\/zeynepnal\/wp-content\/uploads\/2022\/06\/avind3-1-395x222.jpg 395w, https:\/\/zeynepnal.com\/zeynepnal\/wp-content\/uploads\/2022\/06\/avind3-1.jpg 1425w\" sizes=\"auto, (max-width: 305px) 100vw, 305px\" \/>\r\n\t\t\t\t\t\t<\/div><div class=\"uxb-port-element-item term_39  portfolioid-1533\">\r\n\t\t\t\t\t\t\t<div class=\"uxb-port-element-item-hover-wrapper\">\r\n\t\t\t\t\t\t\t\t<div class=\"uxb-port-element-item-hover\">\r\n\t\t\t\t\t\t\t\t\t<a href=\"https:\/\/zeynepnal.com\/zeynepnal\/portfolio\/aypera-digital-human\/\"><\/a>\r\n\t\t\t\t\t\t\t\t\t<div class=\"uxb-port-element-item-hover-info\"><hr\/><h3>2020 \/ AYPERA &#8211; DIGITAL HUMAN<\/h3><hr\/><\/div>\r\n\t\t\t\t\t\t\t\t<\/div>\r\n\t\t\t\t\t\t\t<\/div>\r\n\t\t\t\t\t\t\t<img loading=\"lazy\" decoding=\"async\" width=\"305\" height=\"172\" src=\"https:\/\/zeynepnal.com\/zeynepnal\/wp-content\/uploads\/2020\/09\/aypera_thumb-305x172.png\" class=\"border wp-post-image\" alt=\"\" srcset=\"https:\/\/zeynepnal.com\/zeynepnal\/wp-content\/uploads\/2020\/09\/aypera_thumb-305x172.png 305w, https:\/\/zeynepnal.com\/zeynepnal\/wp-content\/uploads\/2020\/09\/aypera_thumb-300x169.png 300w, https:\/\/zeynepnal.com\/zeynepnal\/wp-content\/uploads\/2020\/09\/aypera_thumb-768x433.png 768w, https:\/\/zeynepnal.com\/zeynepnal\/wp-content\/uploads\/2020\/09\/aypera_thumb-500x282.png 500w, https:\/\/zeynepnal.com\/zeynepnal\/wp-content\/uploads\/2020\/09\/aypera_thumb-745x420.png 745w, https:\/\/zeynepnal.com\/zeynepnal\/wp-content\/uploads\/2020\/09\/aypera_thumb-570x322.png 570w, https:\/\/zeynepnal.com\/zeynepnal\/wp-content\/uploads\/2020\/09\/aypera_thumb-395x223.png 395w, https:\/\/zeynepnal.com\/zeynepnal\/wp-content\/uploads\/2020\/09\/aypera_thumb.png 874w\" sizes=\"auto, (max-width: 305px) 100vw, 305px\" \/>\r\n\t\t\t\t\t\t<\/div><div class=\"uxb-port-element-item term_37  portfolioid-1416\">\r\n\t\t\t\t\t\t\t<div class=\"uxb-port-element-item-hover-wrapper\">\r\n\t\t\t\t\t\t\t\t<div class=\"uxb-port-element-item-hover\">\r\n\t\t\t\t\t\t\t\t\t<a href=\"https:\/\/zeynepnal.com\/zeynepnal\/portfolio\/doorstep-tales-esiktekiler\/\"><\/a>\r\n\t\t\t\t\t\t\t\t\t<div class=\"uxb-port-element-item-hover-info\"><hr\/><h3>2017 \/ DOORSTEP TALES &#8211; E\u015e\u0130KTEK\u0130LER<\/h3><hr\/><\/div>\r\n\t\t\t\t\t\t\t\t<\/div>\r\n\t\t\t\t\t\t\t<\/div>\r\n\t\t\t\t\t\t\t<img loading=\"lazy\" decoding=\"async\" width=\"305\" height=\"172\" src=\"https:\/\/zeynepnal.com\/zeynepnal\/wp-content\/uploads\/2020\/09\/eskitekiler-1-305x172.jpg\" class=\"border wp-post-image\" alt=\"\" srcset=\"https:\/\/zeynepnal.com\/zeynepnal\/wp-content\/uploads\/2020\/09\/eskitekiler-1-305x172.jpg 305w, https:\/\/zeynepnal.com\/zeynepnal\/wp-content\/uploads\/2020\/09\/eskitekiler-1-300x169.jpg 300w, https:\/\/zeynepnal.com\/zeynepnal\/wp-content\/uploads\/2020\/09\/eskitekiler-1-1024x576.jpg 1024w, https:\/\/zeynepnal.com\/zeynepnal\/wp-content\/uploads\/2020\/09\/eskitekiler-1-768x432.jpg 768w, https:\/\/zeynepnal.com\/zeynepnal\/wp-content\/uploads\/2020\/09\/eskitekiler-1-1536x864.jpg 1536w, https:\/\/zeynepnal.com\/zeynepnal\/wp-content\/uploads\/2020\/09\/eskitekiler-1-500x281.jpg 500w, https:\/\/zeynepnal.com\/zeynepnal\/wp-content\/uploads\/2020\/09\/eskitekiler-1-1170x658.jpg 1170w, https:\/\/zeynepnal.com\/zeynepnal\/wp-content\/uploads\/2020\/09\/eskitekiler-1-745x419.jpg 745w, https:\/\/zeynepnal.com\/zeynepnal\/wp-content\/uploads\/2020\/09\/eskitekiler-1-1008x567.jpg 1008w, https:\/\/zeynepnal.com\/zeynepnal\/wp-content\/uploads\/2020\/09\/eskitekiler-1-570x321.jpg 570w, https:\/\/zeynepnal.com\/zeynepnal\/wp-content\/uploads\/2020\/09\/eskitekiler-1-395x222.jpg 395w, https:\/\/zeynepnal.com\/zeynepnal\/wp-content\/uploads\/2020\/09\/eskitekiler-1.jpg 1920w\" sizes=\"auto, (max-width: 305px) 100vw, 305px\" \/>\r\n\t\t\t\t\t\t<\/div><div class=\"uxb-port-element-item term_39 term_37  portfolioid-1335\">\r\n\t\t\t\t\t\t\t<div class=\"uxb-port-element-item-hover-wrapper\">\r\n\t\t\t\t\t\t\t\t<div class=\"uxb-port-element-item-hover\">\r\n\t\t\t\t\t\t\t\t\t<a href=\"https:\/\/zeynepnal.com\/zeynepnal\/portfolio\/huysuz-arzuhalci\/\"><\/a>\r\n\t\t\t\t\t\t\t\t\t<div class=\"uxb-port-element-item-hover-info\"><hr\/><h3>2015 \/ THE GRUMPY SCRIVENER &#8211; HUYSUZ ARZUHALC\u0130<\/h3><hr\/><\/div>\r\n\t\t\t\t\t\t\t\t<\/div>\r\n\t\t\t\t\t\t\t<\/div>\r\n\t\t\t\t\t\t\t<img loading=\"lazy\" decoding=\"async\" width=\"305\" height=\"171\" src=\"https:\/\/zeynepnal.com\/zeynepnal\/wp-content\/uploads\/2020\/08\/huysuz-305x171.png\" class=\"border wp-post-image\" alt=\"\" srcset=\"https:\/\/zeynepnal.com\/zeynepnal\/wp-content\/uploads\/2020\/08\/huysuz-305x171.png 305w, https:\/\/zeynepnal.com\/zeynepnal\/wp-content\/uploads\/2020\/08\/huysuz-300x169.png 300w, https:\/\/zeynepnal.com\/zeynepnal\/wp-content\/uploads\/2020\/08\/huysuz-1024x575.png 1024w, https:\/\/zeynepnal.com\/zeynepnal\/wp-content\/uploads\/2020\/08\/huysuz-768x432.png 768w, https:\/\/zeynepnal.com\/zeynepnal\/wp-content\/uploads\/2020\/08\/huysuz-1536x863.png 1536w, https:\/\/zeynepnal.com\/zeynepnal\/wp-content\/uploads\/2020\/08\/huysuz-500x281.png 500w, https:\/\/zeynepnal.com\/zeynepnal\/wp-content\/uploads\/2020\/08\/huysuz-1170x658.png 1170w, https:\/\/zeynepnal.com\/zeynepnal\/wp-content\/uploads\/2020\/08\/huysuz-745x419.png 745w, https:\/\/zeynepnal.com\/zeynepnal\/wp-content\/uploads\/2020\/08\/huysuz-1008x566.png 1008w, https:\/\/zeynepnal.com\/zeynepnal\/wp-content\/uploads\/2020\/08\/huysuz-570x320.png 570w, https:\/\/zeynepnal.com\/zeynepnal\/wp-content\/uploads\/2020\/08\/huysuz-395x222.png 395w, https:\/\/zeynepnal.com\/zeynepnal\/wp-content\/uploads\/2020\/08\/huysuz.png 1920w\" sizes=\"auto, (max-width: 305px) 100vw, 305px\" \/>\r\n\t\t\t\t\t\t<\/div><div class=\"uxb-port-element-item term_37  portfolioid-895\">\r\n\t\t\t\t\t\t\t<div class=\"uxb-port-element-item-hover-wrapper\">\r\n\t\t\t\t\t\t\t\t<div class=\"uxb-port-element-item-hover\">\r\n\t\t\t\t\t\t\t\t\t<a href=\"https:\/\/zeynepnal.com\/zeynepnal\/portfolio\/the-mime-pandomimci\/\"><\/a>\r\n\t\t\t\t\t\t\t\t\t<div class=\"uxb-port-element-item-hover-info\"><hr\/><h3>2013 \/ THE MIME &#8211; PANDOM\u0130MC\u0130<\/h3><hr\/><\/div>\r\n\t\t\t\t\t\t\t\t<\/div>\r\n\t\t\t\t\t\t\t<\/div>\r\n\t\t\t\t\t\t\t<img loading=\"lazy\" decoding=\"async\" width=\"305\" height=\"178\" src=\"https:\/\/zeynepnal.com\/zeynepnal\/wp-content\/uploads\/2016\/06\/p1-e1598970124841-305x178.jpg\" class=\"border wp-post-image\" alt=\"\" srcset=\"https:\/\/zeynepnal.com\/zeynepnal\/wp-content\/uploads\/2016\/06\/p1-e1598970124841-305x178.jpg 305w, https:\/\/zeynepnal.com\/zeynepnal\/wp-content\/uploads\/2016\/06\/p1-e1598970124841-300x175.jpg 300w, https:\/\/zeynepnal.com\/zeynepnal\/wp-content\/uploads\/2016\/06\/p1-e1598970124841-768x449.jpg 768w, https:\/\/zeynepnal.com\/zeynepnal\/wp-content\/uploads\/2016\/06\/p1-e1598970124841-500x292.jpg 500w, https:\/\/zeynepnal.com\/zeynepnal\/wp-content\/uploads\/2016\/06\/p1-e1598970124841-745x435.jpg 745w, https:\/\/zeynepnal.com\/zeynepnal\/wp-content\/uploads\/2016\/06\/p1-e1598970124841-570x333.jpg 570w, https:\/\/zeynepnal.com\/zeynepnal\/wp-content\/uploads\/2016\/06\/p1-e1598970124841-395x231.jpg 395w, https:\/\/zeynepnal.com\/zeynepnal\/wp-content\/uploads\/2016\/06\/p1-e1598970124841.jpg 940w\" sizes=\"auto, (max-width: 305px) 100vw, 305px\" \/>\r\n\t\t\t\t\t\t<\/div><div class=\"uxb-port-element-item term_37  portfolioid-1291\">\r\n\t\t\t\t\t\t\t<div class=\"uxb-port-element-item-hover-wrapper\">\r\n\t\t\t\t\t\t\t\t<div class=\"uxb-port-element-item-hover\">\r\n\t\t\t\t\t\t\t\t\t<a href=\"https:\/\/zeynepnal.com\/zeynepnal\/portfolio\/ars\/\"><\/a>\r\n\t\t\t\t\t\t\t\t\t<div class=\"uxb-port-element-item-hover-info\"><hr\/><h3>2012 \/ ARS ELECTRONICA FESTIVAL OPENING CEREMONY<\/h3><hr\/><\/div>\r\n\t\t\t\t\t\t\t\t<\/div>\r\n\t\t\t\t\t\t\t<\/div>\r\n\t\t\t\t\t\t\t<img loading=\"lazy\" decoding=\"async\" width=\"305\" height=\"172\" src=\"https:\/\/zeynepnal.com\/zeynepnal\/wp-content\/uploads\/2020\/08\/ars-305x172.jpg\" class=\"border wp-post-image\" alt=\"\" srcset=\"https:\/\/zeynepnal.com\/zeynepnal\/wp-content\/uploads\/2020\/08\/ars-305x172.jpg 305w, https:\/\/zeynepnal.com\/zeynepnal\/wp-content\/uploads\/2020\/08\/ars-300x169.jpg 300w, https:\/\/zeynepnal.com\/zeynepnal\/wp-content\/uploads\/2020\/08\/ars-768x433.jpg 768w, https:\/\/zeynepnal.com\/zeynepnal\/wp-content\/uploads\/2020\/08\/ars-500x282.jpg 500w, https:\/\/zeynepnal.com\/zeynepnal\/wp-content\/uploads\/2020\/08\/ars-745x420.jpg 745w, https:\/\/zeynepnal.com\/zeynepnal\/wp-content\/uploads\/2020\/08\/ars-570x321.jpg 570w, https:\/\/zeynepnal.com\/zeynepnal\/wp-content\/uploads\/2020\/08\/ars-395x223.jpg 395w, https:\/\/zeynepnal.com\/zeynepnal\/wp-content\/uploads\/2020\/08\/ars.jpg 932w\" sizes=\"auto, (max-width: 305px) 100vw, 305px\" \/>\r\n\t\t\t\t\t\t<\/div><div class=\"uxb-port-element-item term_37  portfolioid-1292\">\r\n\t\t\t\t\t\t\t<div class=\"uxb-port-element-item-hover-wrapper\">\r\n\t\t\t\t\t\t\t\t<div class=\"uxb-port-element-item-hover\">\r\n\t\t\t\t\t\t\t\t\t<a href=\"https:\/\/zeynepnal.com\/zeynepnal\/portfolio\/audi\/\"><\/a>\r\n\t\t\t\t\t\t\t\t\t<div class=\"uxb-port-element-item-hover-info\"><hr\/><h3>2012 \/ AUDI URBAN FUTURE AWARDS MOBILITY TRACKING<\/h3><hr\/><\/div>\r\n\t\t\t\t\t\t\t\t<\/div>\r\n\t\t\t\t\t\t\t<\/div>\r\n\t\t\t\t\t\t\t<img loading=\"lazy\" decoding=\"async\" width=\"305\" height=\"172\" src=\"https:\/\/zeynepnal.com\/zeynepnal\/wp-content\/uploads\/2012\/03\/audi-305x172.jpg\" class=\"border wp-post-image\" alt=\"Audi Mobility Tracking Zeynep Nal\" srcset=\"https:\/\/zeynepnal.com\/zeynepnal\/wp-content\/uploads\/2012\/03\/audi-305x172.jpg 305w, https:\/\/zeynepnal.com\/zeynepnal\/wp-content\/uploads\/2012\/03\/audi-300x169.jpg 300w, https:\/\/zeynepnal.com\/zeynepnal\/wp-content\/uploads\/2012\/03\/audi-768x433.jpg 768w, https:\/\/zeynepnal.com\/zeynepnal\/wp-content\/uploads\/2012\/03\/audi-500x282.jpg 500w, https:\/\/zeynepnal.com\/zeynepnal\/wp-content\/uploads\/2012\/03\/audi-745x420.jpg 745w, https:\/\/zeynepnal.com\/zeynepnal\/wp-content\/uploads\/2012\/03\/audi-570x321.jpg 570w, https:\/\/zeynepnal.com\/zeynepnal\/wp-content\/uploads\/2012\/03\/audi-395x223.jpg 395w, https:\/\/zeynepnal.com\/zeynepnal\/wp-content\/uploads\/2012\/03\/audi.jpg 932w\" sizes=\"auto, (max-width: 305px) 100vw, 305px\" \/>\r\n\t\t\t\t\t\t<\/div><div class=\"uxb-port-element-item term_37  portfolioid-408\">\r\n\t\t\t\t\t\t\t<div class=\"uxb-port-element-item-hover-wrapper\">\r\n\t\t\t\t\t\t\t\t<div class=\"uxb-port-element-item-hover\">\r\n\t\t\t\t\t\t\t\t\t<a href=\"https:\/\/zeynepnal.com\/zeynepnal\/portfolio\/taksim\/\"><\/a>\r\n\t\t\t\t\t\t\t\t\t<div class=\"uxb-port-element-item-hover-info\"><hr\/><h3>2012 \/ WORD &#8211; S\u00d6Z<\/h3><hr\/><\/div>\r\n\t\t\t\t\t\t\t\t<\/div>\r\n\t\t\t\t\t\t\t<\/div>\r\n\t\t\t\t\t\t\t<img loading=\"lazy\" decoding=\"async\" width=\"305\" height=\"172\" src=\"https:\/\/zeynepnal.com\/zeynepnal\/wp-content\/uploads\/2012\/02\/taksim_senin-305x172.jpg\" class=\"border wp-post-image\" alt=\"\" srcset=\"https:\/\/zeynepnal.com\/zeynepnal\/wp-content\/uploads\/2012\/02\/taksim_senin-305x172.jpg 305w, https:\/\/zeynepnal.com\/zeynepnal\/wp-content\/uploads\/2012\/02\/taksim_senin-300x169.jpg 300w, https:\/\/zeynepnal.com\/zeynepnal\/wp-content\/uploads\/2012\/02\/taksim_senin-768x433.jpg 768w, https:\/\/zeynepnal.com\/zeynepnal\/wp-content\/uploads\/2012\/02\/taksim_senin-500x282.jpg 500w, https:\/\/zeynepnal.com\/zeynepnal\/wp-content\/uploads\/2012\/02\/taksim_senin-745x420.jpg 745w, https:\/\/zeynepnal.com\/zeynepnal\/wp-content\/uploads\/2012\/02\/taksim_senin-570x321.jpg 570w, https:\/\/zeynepnal.com\/zeynepnal\/wp-content\/uploads\/2012\/02\/taksim_senin-395x223.jpg 395w, https:\/\/zeynepnal.com\/zeynepnal\/wp-content\/uploads\/2012\/02\/taksim_senin.jpg 932w\" sizes=\"auto, (max-width: 305px) 100vw, 305px\" \/>\r\n\t\t\t\t\t\t<\/div><\/div><\/div><\/div>[\/vc_column][\/vc_row]<\/p>\n","protected":false},"excerpt":{"rendered":"<p>[vc_row][vc_column][\/vc_column][\/vc_row]<\/p>\n","protected":false},"author":1,"featured_media":904,"parent":0,"menu_order":0,"comment_status":"closed","ping_status":"closed","template":"","meta":{"_monsterinsights_skip_tracking":false,"_monsterinsights_sitenote_active":false,"_monsterinsights_sitenote_note":"","_monsterinsights_sitenote_category":0,"footnotes":""},"class_list":["post-1283","page","type-page","status-publish","has-post-thumbnail","hentry"],"_links":{"self":[{"href":"https:\/\/zeynepnal.com\/zeynepnal\/wp-json\/wp\/v2\/pages\/1283","targetHints":{"allow":["GET"]}}],"collection":[{"href":"https:\/\/zeynepnal.com\/zeynepnal\/wp-json\/wp\/v2\/pages"}],"about":[{"href":"https:\/\/zeynepnal.com\/zeynepnal\/wp-json\/wp\/v2\/types\/page"}],"author":[{"embeddable":true,"href":"https:\/\/zeynepnal.com\/zeynepnal\/wp-json\/wp\/v2\/users\/1"}],"replies":[{"embeddable":true,"href":"https:\/\/zeynepnal.com\/zeynepnal\/wp-json\/wp\/v2\/comments?post=1283"}],"version-history":[{"count":7,"href":"https:\/\/zeynepnal.com\/zeynepnal\/wp-json\/wp\/v2\/pages\/1283\/revisions"}],"predecessor-version":[{"id":1541,"href":"https:\/\/zeynepnal.com\/zeynepnal\/wp-json\/wp\/v2\/pages\/1283\/revisions\/1541"}],"wp:featuredmedia":[{"embeddable":true,"href":"https:\/\/zeynepnal.com\/zeynepnal\/wp-json\/wp\/v2\/media\/904"}],"wp:attachment":[{"href":"https:\/\/zeynepnal.com\/zeynepnal\/wp-json\/wp\/v2\/media?parent=1283"}],"curies":[{"name":"wp","href":"https:\/\/api.w.org\/{rel}","templated":true}]}}