{"id":1338,"date":"2020-08-27T12:47:48","date_gmt":"2020-08-27T12:47:48","guid":{"rendered":"https:\/\/zeynepnal.com\/zeynepnal\/?page_id=1338"},"modified":"2023-11-17T13:53:39","modified_gmt":"2023-11-17T13:53:39","slug":"about","status":"publish","type":"page","link":"https:\/\/zeynepnal.com\/zeynepnal\/about\/","title":{"rendered":"ABOUT"},"content":{"rendered":"<p>[vc_row][vc_column][vc_column_text]<\/p>\n<p><\/p>\n\n\n<div class=\"wp-block-image\"><figure class=\"aligncenter\"><img loading=\"lazy\" decoding=\"async\" width=\"320\" height=\"320\" src=\"https:\/\/zeynepnal.com\/zeynepnal\/wp-content\/uploads\/2016\/03\/zeynepp_site.jpg\" alt=\"zeynepnal\" class=\"wp-image-1319\" srcset=\"https:\/\/zeynepnal.com\/zeynepnal\/wp-content\/uploads\/2016\/03\/zeynepp_site.jpg 320w, https:\/\/zeynepnal.com\/zeynepnal\/wp-content\/uploads\/2016\/03\/zeynepp_site-300x300.jpg 300w, https:\/\/zeynepnal.com\/zeynepnal\/wp-content\/uploads\/2016\/03\/zeynepp_site-150x150.jpg 150w, https:\/\/zeynepnal.com\/zeynepnal\/wp-content\/uploads\/2016\/03\/zeynepp_site-60x60.jpg 60w, https:\/\/zeynepnal.com\/zeynepnal\/wp-content\/uploads\/2016\/03\/zeynepp_site-305x305.jpg 305w, https:\/\/zeynepnal.com\/zeynepnal\/wp-content\/uploads\/2016\/03\/zeynepp_site-230x230.jpg 230w\" sizes=\"auto, (max-width: 320px) 100vw, 320px\" \/><\/figure><\/div>\n\n\n\n<div class=\"wp-block-image\">\n<figure class=\"aligncenter size-large\"><\/figure>\n<\/div>\n\n\n<p>\u00a0<\/p>\n<p>[\/vc_column_text][vc_row_inner][vc_column_inner][vc_column_text]<\/p>\n<p><strong><span class=\"has-inline-color\" style=\"color: #e66f66;\">EN:<\/span><\/strong> 11 years of experience on interactive art, creative technologies and human computer interaction, 16 years of software development experience.\u00a0<\/p>\n<p><!-- \/wp:paragraph --><\/p>\n<p><!-- wp:paragraph --><\/p>\n<p>I am interested in soulful human machine communication, characterization of technological tools, interactive storytelling and autonomous story generators. I am working on playful interfaces and tools where technology interlaces everyday life.<\/p>\n<p><!-- \/wp:paragraph --><\/p>\n<p><!-- wp:paragraph --><\/p>\n<p>My work is concerned with using new technologies in a creative way to wipe the boundaries between digital and physical world. Thus, my work focuses on alternative I\/O devices, such as artificial intelligence, electronic sensors or image and sound processing methodologies as input, and alternative output devices such as kinetic sculptures and wearable devices.\u00a0 I am also a co-founder of \u0130skele47, which was a collaborative working space at Yelde\u011firmeni and a significant player in Istanbul maker society.\u00a0<\/p>\n<p><!-- \/wp:paragraph --><\/p>\n<p><!-- wp:paragraph --><\/p>\n<p>My works have been exhibited at spaces like Ars Electronica, Contemporary Istanbul, Mamut Art Project, Istanbul Digital Art Festival, Istanbul Design Week, Istanbul T\u00fcyap Book &amp; Art Faire and Istanbul Design Biennial.<\/p>\n<p><!-- \/wp:paragraph --><\/p>\n<p><!-- wp:paragraph --><\/p>\n<p><!-- \/wp:paragraph --><\/p>\n<p><!-- wp:paragraph --><\/p>\n<p><strong><span class=\"has-inline-color\" style=\"color: #e66f66;\">TR: <\/span><\/strong>Fen bilimleri altyap\u0131s\u0131ndan gelip, \u0130T\u00dc Bilgisayar M\u00fchendisli\u011fi\u2019nden mezun olduktan sonra T\u00fcrkiye ve Almanya\u2019da 5 sene yaz\u0131l\u0131m m\u00fchendisi olarak \u00e7al\u0131\u015ft\u0131. 2010\u2019da kariyerini de\u011fi\u015ftirme karar\u0131 ald\u0131 ve G\u00f6rsel \u0130leti\u015fim Tasar\u0131m\u0131 e\u011fitimine ba\u015flad\u0131. 2013&#8217;ten beri sanat, tasar\u0131m, bilim ve m\u00fchendisli\u011fi bir araya getiren Yeni Medya sanat\u0131 alan\u0131nda \u00e7al\u0131\u015fmalar yap\u0131yor ve eserler \u00fcretiyor. 2014\u2019te uzun zamand\u0131r bir \u00e7ok projede birlikte \u00e7al\u0131\u015ft\u0131\u011f\u0131 arkada\u015flar\u0131yla beraber multidisipliner bir ortak \u00e7al\u0131\u015fma alan\u0131 olan \u0130skele47&#8217;nin kurulumunda yer ald\u0131.<\/p>\n<p><!-- \/wp:paragraph --><\/p>\n<p><!-- wp:paragraph --><\/p>\n<p>\u0130nsan\u0131n bilgisayarla duygusal ileti\u015fimi, teknolojik ara\u00e7lar\u0131n karakterle\u015ftirilmesi, interaktif hikaye anlat\u0131c\u0131l\u0131\u011f\u0131 ve otonom hikaye \u00fcrete\u00e7leri \u00fczerinde \u00e7al\u0131\u015f\u0131yor. Teknolojinin g\u00fcnl\u00fck hayatla kesi\u015fiminde yer alan, dijital ile fiziksel aras\u0131ndaki s\u0131n\u0131rlar\u0131 silecek \u015fekilde e\u011flenceli ve oyuncu aray\u00fczler yaratmakla ilgileniyor. M\u00fchendisli\u011fin yarat\u0131c\u0131 g\u00fcc\u00fcn\u00fc kuru teknik uygulamalardan kurtar\u0131p, sanat\u0131n ruhuyla birle\u015ftiren i\u015fler pe\u015finde, yapay zeka, sens\u00f6rler, makinalar, g\u00f6r\u00fcnt\u00fc ve ses i\u015fleme metodolojileri, giyilebilir teknolojiler gibi alternatif I\/O ara\u00e7lar\u0131n\u0131 kullanarak denemeler yap\u0131yor.<\/p>\n<p>\u0130\u015fleri, Ars Electronica, Contemporary \u0130stanbul, Mamut Art Project, \u0130stanbul Dijital Sanat Festivali, Design Week, \u0130stanbul T\u00fcyap Kitap ve Sanat Fuar\u0131 ve \u0130stanbul Tasar\u0131m Bienali gibi alanlarda sergilendi.<\/p>\n<p><!-- \/wp:paragraph --><\/p>\n<p><!-- wp:paragraph --><\/p>\n<p><!-- \/wp:paragraph --><\/p>\n<p><!-- wp:paragraph --><\/p>\n<p><strong><em><span class=\"has-inline-color\" style=\"color: #e66f66;\">PRESS \/ BASIN<\/span><\/em><\/strong><\/p>\n<p><!-- \/wp:paragraph --><\/p>\n<p><!-- wp:paragraph --><\/p>\n<p><a href=\"https:\/\/www.milliyet.com.tr\/cumartesi\/fantastik-kurumlarin-huysuz-arzuhalcisi-2305370\">Milliyet Cumartesi &#8211; Fantastik Kurumlar\u0131n Huysuz Arzuhalcisi<\/a><\/p>\n<p><!-- \/wp:paragraph --><\/p>\n<p><!-- wp:paragraph --><\/p>\n<p><a href=\"https:\/\/www.yenisafak.com\/gundem\/resmi-yazismalara-kafa-tutuyor-2510867\">Yeni \u015eafak &#8211; Resmi Yaz\u0131\u015fmalara Kafa Tutuyor<\/a><\/p>\n<p><!-- \/wp:paragraph --><\/p>\n<p><!-- wp:paragraph --><\/p>\n<p><a href=\"https:\/\/www.hurriyet.com.tr\/kelebek\/keyif\/cagdas-sanatin-10-yillik-zirvesi-40011402\">H\u00fcrriyet &#8211; \u00c7a\u011fda\u015f Sanat\u0131n On Y\u0131ll\u0131k Zirvesi<\/a><\/p>\n<p><a href=\"http:\/\/www.sabitfikir.com\/dosyalar\/dijital-zamanlarda-dijital-festival\">Sabit Fikir &#8211; Dijital Zamanlarda Dijital Festival<\/a><\/p>\n<p><a href=\"https:\/\/www.milliyet.com.tr\/cumartesi\/zihni-sinir-gorse-kiskanirdi-1952817\">Milliyet Cumartesi &#8211; \u0130skele 47 Zihni Sinir G\u00f6rse K\u0131skan\u0131rd\u0131<\/a><\/p>\n<p><a href=\"https:\/\/www.star.com.tr\/pazar\/mini-mucitlerin-buyuk-buluslari-haber-953649\">Star &#8211; Mini Mucitlerin B\u00fcy\u00fck Bulu\u015flar\u0131<\/a><\/p>\n<p><a href=\"https:\/\/www.artfulliving.com.tr\/sanat\/x-change-temasinda-sekillenen-plugin-hikayeleri-i-4266\">Artfulliving &#8211; &#8220;X-CHANGE&#8221; Temas\u0131nda \u015eekillenen Plugin Hikayeleri<\/a><\/p>\n<p><a href=\"http:\/\/www.banucarmikli.com\/mamut-top-10\/\">Mamut Top 10<\/a><\/p>\n<p><a href=\"http:\/\/postdergi.com\/mamut-art-project-2016\/\">Post Dergi Mamut 2016<\/a><\/p>\n<p><a href=\"https:\/\/magg4.com\/maker-iskele47-nedir\/\">\u0130skele 47 Nedir<\/a><\/p>\n<p><a href=\"https:\/\/makingsociety.com\/2014\/11\/istanbul-maker-scene\/\">Istanbul Maker Scene<\/a><\/p>\n<p><strong><em><span class=\"has-inline-color\" style=\"color: #e66f66;\">EDUCATION \/ E\u011e\u0130T\u0130M<\/span><\/em><\/strong><\/p>\n<p><strong><em>2008 Istanbul<\/em><\/strong><strong> &#8211; Istanbul Technical University<\/strong> Computer Engineering \/ Bilgisayar M\u00fchendisli\u011fi<\/p>\n<p><!-- \/wp:embed --><\/p>\n<p><!-- wp:paragraph --><\/p>\n<p><!-- \/wp:paragraph --><\/p>\n<p><!-- wp:paragraph --><\/p>\n<p><!-- \/wp:paragraph --><\/p>\n<p><!-- wp:paragraph --><\/p>\n<p><!-- \/wp:paragraph --><\/p>\n<p><!-- wp:paragraph --><\/p>\n<p><!-- \/wp:paragraph --><\/p>\n<p><!-- wp:paragraph --><\/p>\n<p><!-- \/wp:paragraph --><\/p>\n<p><!-- wp:paragraph --><\/p>\n<p><!-- \/wp:paragraph --><\/p>\n<p><!-- wp:paragraph --><\/p>\n<p><!-- \/wp:paragraph --><\/p>\n<p><!-- wp:paragraph --><\/p>\n<p><!-- \/wp:paragraph --><\/p>\n<p><!-- wp:paragraph --><\/p>\n<p><strong><em>2013 Istanbul<\/em><\/strong><strong> &#8211; Plato College MYO <\/strong>Visual Communications Design \/ G\u00f6rsel \u0130leti\u015fim Tasar\u0131m\u0131<\/p>\n<p><!-- \/wp:paragraph --><\/p>\n<p><!-- wp:paragraph --><\/p>\n<p><strong><em>2007 Benevento Italy<\/em> &#8211;\u00a0 Universita degli Studi del Sannio<\/strong> Computer Engineering Exchange Student \/ Bilgisayar M\u00fchendisli\u011fi De\u011fi\u015fim \u00d6\u011frencisi<\/p>\n<p><!-- \/wp:paragraph --><\/p>\n<p><!-- wp:paragraph --><\/p>\n<p><strong><em>2002 Ayd\u0131n<\/em><\/strong><strong> &#8211; Ayd\u0131n Science High School \/ Ayd\u0131n Fen Lisesi<\/strong><\/p>\n<p><!-- \/wp:paragraph --><\/p>\n<p><!-- wp:paragraph --><\/p>\n<p><strong><em><span class=\"has-inline-color\" style=\"color: #e66f66;\">EXHIBITIONS \/ SERG\u0130LER<\/span><\/em><\/strong><\/p>\n<p><!-- \/wp:paragraph --><\/p>\n<p><!-- wp:paragraph --><\/p>\n<p><strong><em>2023 Istanbul<\/em><\/strong><strong> \u2013 Istanbul Digital Art Festival<\/strong>, Tiny Elephants \/ Minifiller<\/p>\n<p><strong><em>2022 Istanbul<\/em><\/strong><strong> \u2013 Istanbul Digital Art Festival<\/strong>, Avind Ai Art Curator \/ Avind Yapay Zeka K\u00fcrat\u00f6r<\/p>\n<p><strong><em>2021 Istanbul<\/em><\/strong><strong> \u2013 Contemporary Istanbul Plugin<\/strong>, Aypera Digital Human \/ Aypera Dijital \u0130nsan<\/p>\n<p><strong><em>2017 Istanbul<\/em><\/strong><strong> \u2013 Design Week<\/strong>, Doorstep Tales Electronic Jewelry Series \/ E\u015fiktekiler Elektronik Tak\u0131 Serisi<\/p>\n<p><!-- \/wp:paragraph --><\/p>\n<p><!-- wp:paragraph --><\/p>\n<p><strong><em>2017 Istanbul<\/em> &#8211; Artist 2017 Utopia Exhibition \/ Istanbul Sanat Fuar\u0131 \u00dctopya Sergisi<\/strong>, Doorstep Tales Electronic Jewelry Series \/ E\u015fiktekiler Elektronik Tak\u0131 Serisi<\/p>\n<p><!-- \/wp:paragraph --><\/p>\n<p><!-- wp:paragraph --><\/p>\n<p><strong><em>2016 Istanbul<\/em> &#8211; Artist 2016 Grammagraph Exhibition \/ <\/strong><strong>Istanbul Sanat Fuar\u0131 Grammagraph Sergisi<\/strong>, The Grumpy Scrivener \/ Huysuz Arzuhalci<\/p>\n<p><!-- \/wp:paragraph --><\/p>\n<p><!-- wp:paragraph --><\/p>\n<p><strong><em>2016 Istanbul<\/em><\/strong><strong> &#8211; Design Biennial &#8220;Who Are You People?&#8221; Exhibition \/ Tasar\u0131m Bienali Yarat\u0131c\u0131 Mahalleler Siz Kimlerdensiniz Sergisi,<\/strong> Technological Consultant \/ Teknolojik Dan\u0131\u015fman<\/p>\n<p><!-- \/wp:paragraph --><\/p>\n<p><!-- wp:paragraph --><\/p>\n<p><strong><em>2016 Istanbul &#8211; <\/em><\/strong><strong>Mamut Art Project,<\/strong> The Grumpy Scrivener \/ Huysuz Arzuhalci<\/p>\n<p><!-- \/wp:paragraph --><\/p>\n<p><!-- wp:paragraph --><\/p>\n<p><strong><em>2015 Istanbul &#8211;<\/em><\/strong> <strong>Contemporary Istanbul Plugin<\/strong>, The Mime \/ Pandomimci<\/p>\n<p><!-- \/wp:paragraph --><\/p>\n<p><!-- wp:paragraph --><\/p>\n<p><strong><em>2015 Istanbul &#8211;<\/em><\/strong> <strong>Amber Art and Technology Festival \/ Amber Sanat ve Teknoloji Festivali<\/strong>, The Grumpy Scrivener \/ Huysuz Arzuhalci<\/p>\n<p><!-- \/wp:paragraph --><\/p>\n<p><!-- wp:paragraph --><\/p>\n<p><strong><em>2013 Istanbul &#8211;<\/em><\/strong> <strong>Amber Art and Technology Festival<\/strong> \/ <strong>Amber Sanat ve Teknoloji Festivali,<\/strong> The Mime \/ Pandomimci<\/p>\n<p><!-- \/wp:paragraph --><\/p>\n<p><!-- wp:paragraph --><\/p>\n<p><strong><em>2012 Linz Avusturya<\/em><\/strong> &#8211; <strong>Ars Electronica Opening Ceremony \/ Ars Electronica Gala Performans\u0131<\/strong>, Deep Space Music<\/p>\n<p><!-- \/wp:paragraph --><\/p>\n<p><!-- wp:paragraph --><\/p>\n<p><strong><em>2012 Istanbul<\/em><\/strong> &#8211; <strong>Design Biennial \/ Tasar\u0131m Bienali,<\/strong> Word \/ S\u00f6z<\/p>\n<p><!-- \/wp:paragraph --><\/p>\n<p><!-- wp:paragraph --><\/p>\n<p><strong><em>2012 Istanbul<\/em><\/strong> &#8211; <strong>Design Biennial \/ Tasar\u0131m Bienali,<\/strong> Audi Urban Future Initiative Awards Mobility Tracking \/ Ziyaret\u00e7i \u0130zleme Enstelasyonu<\/p>\n<p><!-- \/wp:paragraph --><\/p>\n<p><!-- wp:paragraph --><\/p>\n<p><strong><em><span class=\"has-inline-color\" style=\"color: #e66f66;\">TALKS &amp; WORKSHOPS \/ KONU\u015eMA VE AT\u00d6LYELER<\/span><\/em><\/strong><\/p>\n<p><!-- \/wp:paragraph --><\/p>\n<p><!-- wp:paragraph --><\/p>\n<p><strong><em>2019 Istanbul \u2013 <\/em><\/strong><strong>At\u00f6lye Istanbul <\/strong>Designer In Residence Wearable Technologies Panel &#8211; Speaker \/ Giyilebilir Teknolojiler Paneli &#8211; Konu\u015fmac\u0131<\/p>\n<p><!-- \/wp:paragraph --><\/p>\n<p><!-- wp:paragraph --><\/p>\n<p><strong><em>2018 Istanbul<\/em><\/strong><strong> \u2013 Women Techmakers <\/strong>IWD Conference &#8211; Speaker \/ Konu\u015fmac\u0131<\/p>\n<p><!-- \/wp:paragraph --><\/p>\n<p><!-- wp:paragraph --><\/p>\n<p><strong><em>2018 Istanbul<\/em><\/strong><strong> \u2013 Kad\u0131k\u00f6y Mini Maker Faire <\/strong>VR for Kids Workshop &#8211; Trainer \/ \u00c7ocuklar \u0130\u00e7in Sanal Ger\u00e7eklik At\u00f6lyesi &#8211; E\u011fitimci<\/p>\n<p><!-- \/wp:paragraph --><\/p>\n<p><!-- wp:paragraph --><\/p>\n<p><strong><em>2017 Istanbul<\/em> \u2013 Maker Movement <\/strong>Wearable Technologies Talk &#8211; Speaker \/ Giyilebilir Teknolojiler Oturumu &#8211; Konu\u015fmac\u0131<\/p>\n<p><!-- \/wp:paragraph --><\/p>\n<p><!-- wp:paragraph --><\/p>\n<p><strong><em>2016 Eski\u015fehir<\/em><\/strong><strong> &#8211; Maker Faire<\/strong> Pecha Kucha Night Talks &#8211; Speaker \/ Konu\u015fmac\u0131<\/p>\n<p><!-- \/wp:paragraph --><\/p>\n<p><!-- wp:paragraph --><\/p>\n<p><strong><em>2016 Istanbul &#8211; <\/em>\u00d6zye\u011fin University Maker Studio <\/strong>VR for Kids Workshop &#8211; Trainer \/ \u00c7ocuklar \u0130\u00e7in Sanal Ger\u00e7eklik At\u00f6lyesi &#8211; E\u011fitimci<\/p>\n<p><!-- \/wp:paragraph --><\/p>\n<p><!-- wp:paragraph --><\/p>\n<p><strong><em>2015 Istanbul<\/em><\/strong><strong> &#8211; Maker Lab<\/strong> Maker Talks &#8211; Speaker \/ Konu\u015fmac\u0131<\/p>\n<p><!-- \/wp:paragraph --><\/p>\n<p><!-- wp:paragraph --><\/p>\n<p><strong><em>2015 Istanbul<\/em><\/strong><strong> &#8211; Ko\u00e7 Incubation Center<\/strong> Stage Co Wearable Technologies Panel &#8211; Speaker \/ Giyilebilir Teknolojiler Semineri &#8211; Konu\u015fmac\u0131<\/p>\n<p><!-- \/wp:paragraph --><\/p>\n<p><!-- wp:paragraph --><\/p>\n<p><strong><em>2015 Istanbul<\/em><\/strong><strong> &#8211; Alkev College<\/strong> Unity for Kids Workshop &#8211; Trainer \/ \u00c7ocuklar i\u00e7in Unity At\u00f6lyesi &#8211; E\u011fitimci<\/p>\n<p><!-- \/wp:paragraph --><\/p>\n<p><!-- wp:paragraph --><\/p>\n<p><strong><em>2015 Istanbul<\/em><\/strong><strong> &#8211; Coderdojo<\/strong> VR and Unity Workshops &#8211; Trainer \/ Sanal Ger\u00e7eklik ve Unity At\u00f6lyeleri &#8211; E\u011fitimci<\/p>\n<p><!-- \/wp:paragraph --><\/p>\n<p><!-- wp:paragraph --><\/p>\n<p><strong><em>2014-2015 Istanbul<\/em><\/strong> &#8211; <strong>Turkcell <\/strong>Far Vision Academy Workshops &#8211; Speaker \/ Konu\u015fmac\u0131<\/p>\n<p>[\/vc_column_text][\/vc_column_inner][\/vc_row_inner][\/vc_column][\/vc_row]<\/p>","protected":false},"excerpt":{"rendered":"<p>[vc_row][vc_column][vc_column_text] \u00a0 [\/vc_column_text][vc_row_inner][vc_column_inner][vc_column_text] EN: 11 years of experience on interactive art, creative technologies and human computer interaction, 16 years of software development experience.\u00a0 I am interested in soulful human machine &#8230; <\/p>\n","protected":false},"author":1,"featured_media":0,"parent":0,"menu_order":0,"comment_status":"closed","ping_status":"closed","template":"","meta":{"_monsterinsights_skip_tracking":false,"_monsterinsights_sitenote_active":false,"_monsterinsights_sitenote_note":"","_monsterinsights_sitenote_category":0,"footnotes":""},"class_list":["post-1338","page","type-page","status-publish","hentry"],"_links":{"self":[{"href":"https:\/\/zeynepnal.com\/zeynepnal\/wp-json\/wp\/v2\/pages\/1338","targetHints":{"allow":["GET"]}}],"collection":[{"href":"https:\/\/zeynepnal.com\/zeynepnal\/wp-json\/wp\/v2\/pages"}],"about":[{"href":"https:\/\/zeynepnal.com\/zeynepnal\/wp-json\/wp\/v2\/types\/page"}],"author":[{"embeddable":true,"href":"https:\/\/zeynepnal.com\/zeynepnal\/wp-json\/wp\/v2\/users\/1"}],"replies":[{"embeddable":true,"href":"https:\/\/zeynepnal.com\/zeynepnal\/wp-json\/wp\/v2\/comments?post=1338"}],"version-history":[{"count":50,"href":"https:\/\/zeynepnal.com\/zeynepnal\/wp-json\/wp\/v2\/pages\/1338\/revisions"}],"predecessor-version":[{"id":1603,"href":"https:\/\/zeynepnal.com\/zeynepnal\/wp-json\/wp\/v2\/pages\/1338\/revisions\/1603"}],"wp:attachment":[{"href":"https:\/\/zeynepnal.com\/zeynepnal\/wp-json\/wp\/v2\/media?parent=1338"}],"curies":[{"name":"wp","href":"https:\/\/api.w.org\/{rel}","templated":true}]}}